{"id":31,"date":"2023-10-25T20:44:08","date_gmt":"2023-10-25T18:44:08","guid":{"rendered":"https:\/\/bergholmssamfallighet.se\/?page_id=31"},"modified":"2023-10-25T20:54:29","modified_gmt":"2023-10-25T18:54:29","slug":"integritetspolicy","status":"publish","type":"page","link":"https:\/\/bergholmssamfallighet.se\/index.php\/integritetspolicy\/","title":{"rendered":"Integritetspolicy"},"content":{"rendered":"\r\n<h1 class=\"wp-block-heading\">Vilka \u00e4r vi<\/h1>\r\n<p><strong>Bergholms Samf\u00e4llighetsf\u00f6rening<\/strong> fo\u0308rvaltar Tyreso\u0308 GA 1 och arbetar f\u00f6r att ge bra service till sina medlemmar. I f\u00f6reningens stadgar anges att fastighets\u00e4gare p\u00e5 Bergholm \u00e4r medlemmar i Bergholms Samf\u00e4llighetsf\u00f6rening. \u00a0<\/p>\r\n<p><strong>Policy f\u00f6r hemsida och annat material fr\u00e5n f\u00f6reningen<\/strong><br \/>V\u00e5r webbplatsadress \u00e4r: <em>https:\/\/bergholmssamfallighet.se<\/em>.<br \/>Alla inl\u00e4gg och texter p\u00e5 denna hemsida \u00e5tnjuter upphovsr\u00e4ttsligt skydd (1960:729) och f\u00e5r ej kopieras eller plagieras utan styrelsens skriftliga till\u00e5telse. Information och kommunikation till medlemmarna kan ske via hemsidan, brevledes eller mail \/ sms. <br \/>Bergholms Samf\u00e4llighetsf\u00f6rening har f\u00f6r nuvarande INTE n\u00e5gon grupp i sociala medier.<\/p>\r\n<p><strong>Varf\u00f6r beh\u00f6ver vi lagra personuppgifter<\/strong><\/p>\r\n<p>F\u00f6r att verksamheten i Bergholms Samf\u00e4llighetsf\u00f6rening ska fungera och f\u00f6r att varje medlem skall kunna erh\u00e5lla erforderlig information beh\u00f6ver f\u00f6reningen namn, mailadress och fastighetsuppgifter till varje medlem d\u00e5 enligt stadgarna kallelse till m\u00f6ten och medlemsinformation ska ske per digitalkontakt.<br \/>Medlemmarna kan anm\u00e4la sig f\u00f6r nyhetsbrev, d<span style=\"font-size: 1rem;\">e uppgifter vi d\u00e5 m\u00e5ste ha \u00e4r mailadress och\u00a0 namn och <\/span><span style=\"font-size: 1rem;\">fastighetsben\u00e4mning.<\/span> <br \/><br \/><strong>Lagrade personuppgifter hos Bergholms Samf\u00e4llighetsf\u00f6rening<\/strong><\/p>\r\n<p>I f\u00f6reningens stadgar st\u00e5r angivet att fastighets\u00e4gare p\u00e5 Bergholm \u00e4r medlemmar i Bergholms Samf\u00e4llighetsf\u00f6rening samt att styrelsen skall f\u00f6ra f\u00f6rteckning \u00f6ver del\u00e4gande fastigheter. <br \/>Nya uppgifter inh\u00e4mtas fr\u00e5n lantm\u00e4teriverket 1-2 ggr per \u00e5r. <br \/>Bergholms Samf\u00e4llighetsf\u00f6rening lagrar personuppgifter f\u00f6r dessa personer i f\u00f6reningens medlemsregister och servrar. Information om lagrade personuppgifter i enlighet med dataskyddsf\u00f6rordningen (GDPR).<\/p>\r\n<p><strong>Personuppgifter som kan lagras<\/strong><\/p>\r\n<p>De personuppgifter som kan lagras \u00e4r:<\/p>\r\n<ul>\r\n<li>Fastighets\u00e4gare (raderas d\u00e5 fastighet byter \u00e4gare)<\/li>\r\n<li>Namn (raderas d\u00e5 fastighet byter \u00e4gare)<\/li>\r\n<li>Utdelningsadress (raderas d\u00e5 fastighet byter \u00e4gare alternativt medlem \u00e4ndrar adress)<\/li>\r\n<li>Postadress<\/li>\r\n<li>Mejladress (raderas d\u00e5 fastighet byter \u00e4gare alternativt d\u00e5 medlem byter adress)<\/li>\r\n<li>Telefonnummer (mobil och\/eller fast \u00e4ndras\/raderas d\u00e5 fastighet byter \u00e4gare alternativt medlem byter kontaktuppgifter)<\/li>\r\n<li>Roll i f\u00f6reningen<\/li>\r\n<li>Uppgifter kopplade till deltagande i f\u00f6reningsm\u00f6ten<\/li>\r\n<li>Foton fr\u00e5n f\u00f6reningsm\u00f6ten\/arrangemang<\/li>\r\n<\/ul>\r\n<p><strong>Syfte med lagringen<\/strong><\/p>\r\n<p>Syftet med lagringen av personuppgifter \u00e4r att kunna:<\/p>\r\n<ul>\r\n<li>Informera om medlemskapet<\/li>\r\n<li>Avisera medlemsavgiften<\/li>\r\n<li>Skicka information och kallelser till f\u00f6reningsm\u00f6ten<\/li>\r\n<li>Tillhandah\u00e5lla information via telefon och mejl<\/li>\r\n<li>Informera om h\u00e4ndelser inom Tyres\u00f6 GA 1<\/li>\r\n<li>Informera och kommunicera via hemsida och mail<\/li>\r\n<li>Sprida annan information som Bergholms Samf\u00e4llighet anser vara av intresse f\u00f6r medlemmar<\/li>\r\n<\/ul>\r\n<p><strong>Fr\u00e5gor<\/strong><\/p>\r\n<p>Fr\u00e5gor ang\u00e5ende v\u00e5r lagring av dina personuppgifter eller dataskyddsf\u00f6rordningen (GDPR) kan st\u00e4llas till Bergholms Samf\u00e4llighets styrelse p\u00e5 info@bergholmssamfallighet.se<\/p>\r\n<p>&nbsp;<\/p>\r\n","protected":false},"excerpt":{"rendered":"<p>Vilka \u00e4r vi Bergholms Samf\u00e4llighetsf\u00f6rening fo\u0308rvaltar Tyreso\u0308 GA 1 och arbetar f\u00f6r att ge bra service till sina medlemmar. I f\u00f6reningens stadgar anges att fastighets\u00e4gare p\u00e5 Bergholm \u00e4r medlemmar i Bergholms Samf\u00e4llighetsf\u00f6rening. \u00a0 Policy f\u00f6r hemsida och annat material fr\u00e5n f\u00f6reningenV\u00e5r webbplatsadress \u00e4r: https:\/\/bergholmssamfallighet.se.Alla inl\u00e4gg och texter p\u00e5 denna hemsida \u00e5tnjuter upphovsr\u00e4ttsligt skydd (1960:729) och [&hellip;]<\/p>\n","protected":false},"author":1,"featured_media":0,"parent":0,"menu_order":0,"comment_status":"closed","ping_status":"closed","template":"","meta":{"footnotes":""},"class_list":["post-31","page","type-page","status-publish","hentry"],"_links":{"self":[{"href":"https:\/\/bergholmssamfallighet.se\/index.php\/wp-json\/wp\/v2\/pages\/31","targetHints":{"allow":["GET"]}}],"collection":[{"href":"https:\/\/bergholmssamfallighet.se\/index.php\/wp-json\/wp\/v2\/pages"}],"about":[{"href":"https:\/\/bergholmssamfallighet.se\/index.php\/wp-json\/wp\/v2\/types\/page"}],"author":[{"embeddable":true,"href":"https:\/\/bergholmssamfallighet.se\/index.php\/wp-json\/wp\/v2\/users\/1"}],"replies":[{"embeddable":true,"href":"https:\/\/bergholmssamfallighet.se\/index.php\/wp-json\/wp\/v2\/comments?post=31"}],"version-history":[{"count":3,"href":"https:\/\/bergholmssamfallighet.se\/index.php\/wp-json\/wp\/v2\/pages\/31\/revisions"}],"predecessor-version":[{"id":38,"href":"https:\/\/bergholmssamfallighet.se\/index.php\/wp-json\/wp\/v2\/pages\/31\/revisions\/38"}],"wp:attachment":[{"href":"https:\/\/bergholmssamfallighet.se\/index.php\/wp-json\/wp\/v2\/media?parent=31"}],"curies":[{"name":"wp","href":"https:\/\/api.w.org\/{rel}","templated":true}]}}